{"id":654,"date":"2021-05-12T11:58:28","date_gmt":"2021-05-12T11:58:28","guid":{"rendered":"http:\/\/triyoga-erfurt.de\/?page_id=654"},"modified":"2026-03-01T18:31:49","modified_gmt":"2026-03-01T18:31:49","slug":"triyoga","status":"publish","type":"page","link":"https:\/\/triyoga-erfurt.de\/?page_id=654","title":{"rendered":"TriYoga"},"content":{"rendered":"\t\t<div data-elementor-type=\"wp-page\" data-elementor-id=\"654\" class=\"elementor elementor-654\">\n\t\t\t\t\t\t<section class=\"elementor-section elementor-top-section elementor-element elementor-element-8b5fd15 elementor-section-boxed elementor-section-height-default elementor-section-height-default\" data-id=\"8b5fd15\" data-element_type=\"section\" data-e-type=\"section\" data-settings=\"{&quot;background_background&quot;:&quot;classic&quot;}\">\n\t\t\t\t\t\t<div class=\"elementor-container elementor-column-gap-default\">\n\t\t\t\t\t<div class=\"elementor-column elementor-col-100 elementor-top-column elementor-element elementor-element-6873857\" data-id=\"6873857\" data-element_type=\"column\" data-e-type=\"column\">\n\t\t\t<div class=\"elementor-widget-wrap elementor-element-populated\">\n\t\t\t\t\t\t<div class=\"elementor-element elementor-element-3da4bf0 elementor-widget elementor-widget-heading\" data-id=\"3da4bf0\" data-element_type=\"widget\" data-e-type=\"widget\" data-widget_type=\"heading.default\">\n\t\t\t\t<div class=\"elementor-widget-container\">\n\t\t\t\t\t<h2 class=\"elementor-heading-title elementor-size-default\">TriYoga Flow - Leben im Flow<\/h2>\t\t\t\t<\/div>\n\t\t\t\t<\/div>\n\t\t\t\t\t<\/div>\n\t\t<\/div>\n\t\t\t\t\t<\/div>\n\t\t<\/section>\n\t\t\t\t<section class=\"elementor-section elementor-top-section elementor-element elementor-element-dbc6bc6 elementor-section-boxed elementor-section-height-default elementor-section-height-default\" data-id=\"dbc6bc6\" data-element_type=\"section\" data-e-type=\"section\" data-settings=\"{&quot;background_background&quot;:&quot;classic&quot;}\">\n\t\t\t\t\t\t<div class=\"elementor-container elementor-column-gap-default\">\n\t\t\t\t\t<div class=\"elementor-column elementor-col-100 elementor-top-column elementor-element elementor-element-221fdcf\" data-id=\"221fdcf\" data-element_type=\"column\" data-e-type=\"column\">\n\t\t\t<div class=\"elementor-widget-wrap elementor-element-populated\">\n\t\t\t\t\t\t<div class=\"elementor-element elementor-element-4b2012e elementor-widget elementor-widget-text-editor\" data-id=\"4b2012e\" data-element_type=\"widget\" data-e-type=\"widget\" data-widget_type=\"text-editor.default\">\n\t\t\t\t<div class=\"elementor-widget-container\">\n\t\t\t\t\t\t\t\t\t<p>TriYoga Flow, 1980 von Kali Ray gegr\u00fcndet, ist eine vollst\u00e4ndige Hatha-Yoga-Methode, die das breite Spektrum traditioneller Yoga\u00fcbungen einschlie\u00dft.<\/p>\n<p>Entstanden ist TriYoga durch Kalijis direkte Erfahrung und das intuitive Wissen, das durch den inneren Flu\u00df der Kundalini erwacht.<\/p>\n<p>Kaliji ist international bekannt als Yogini und Gr\u00fcnderin von TriYoga.<\/p>\n<p>&nbsp;Ihre Suche nach Yoga begann schon in jungen Jahren; sie sa\u00df still und tiefgr\u00fcndig und f\u00fchlte sich von Natur aus zu Selbsterforschung und Meditation hingezogen. Im Alter von 24 Jahren begann sie, Yoga-Disziplinen von innen heraus zu entwickeln.<\/p>\n<p>Kalijis Pr\u00e4senz, ihre Beherrschung des Flusses und die zeitlose Weisheit des TriYoga haben unz\u00e4hlige Menschen inspiriert und ver\u00e4ndert.<\/p>\n<p>In der Tradition des alten Yoga wird TriYoga von Kriyavati siddhi geleitet, die durch Kaliji flie\u00dft. Sie hat Asanas (K\u00f6rperhaltungen), Pranayama (Atem\u00fcbungen) und Dharana (Konzentrationstechniken) von den Grundlagen bis zur 7. Stufe systematisiert, und \u00fcber 1300 Hasta Mudras (Handgesten) und Yogawissen haben sich durch sie ausgedr\u00fcckt.&nbsp;<\/p><p><span style=\"font-size: 20px; color: var( --e-global-color-text ); letter-spacing: 2.4px;\">TriYoga, das die gesamte Bandbreite der Yogapraktiken umfasst, wird in mehr als 40 L\u00e4ndern von 2600 zertifizierten Lehrern unterrichtet, und es wurden 53 TriYoga-Zentren gegr\u00fcndet, darunter Zentren in Australien, \u00d6sterreich, China, D\u00e4nemark, Deutschland, Ungarn, Indien, S\u00fcdkorea, den Niederlanden, Neuseeland, Russland, der Schweiz, Taiwan, der Ukraine und den Vereinigten Staaten.<\/span><\/p>\n<p><span style=\"font-size: 20px; color: var( --e-global-color-text ); letter-spacing: 2.4px;\">TriYoga Flow verbindet dynamische und gehaltene Asanas mit Pranayama und Mudra zu flie\u00dfenden Sequenzen. Dabei werden die Flows mit der gleichen Achtsamkeit und Konzentration ausgef\u00fchrt wie die Asanas. Es entsteht ein harmonischer Flu\u00df, eine Meditation in Bewegung, ein in den Moment fallen.<\/span><br><\/p>\n<p>Wellenartige Bewegungen der Wirbels\u00e4ule helfen diese geschmeidig zu erhalten und die Beweglichkeit und Vitalit\u00e4t des gesamten K\u00f6rpers zu f\u00f6rdern.<\/p>\n<p>Der systematische Aufbau und die Achtsamkeit im \u00dcben erm\u00f6glicht eine sehr individuelle Praxis, weshalb TriYoga f\u00fcr Anf\u00e4nger und Fortgeschrittene gleicherma\u00dfen geeignet ist. Flexibilit\u00e4t und St\u00e4rke werden gleicherma\u00dfen entwickelt, was zu mehr Energie, Lebensfreude und innerer Ruhe f\u00fchrt.<\/p>\n<p>TriYoga ist eine systematische Methode, wobei man von Basics \u00fcber Level 1 zu den darauffolgenden Levels voranschreitet. Vertieft sich der Flow, werden Bewegungen von K\u00f6rper, Atmung und Mudras harmonisiert und der innere Flu\u00df taucht auf nat\u00fcrliche Weise auf, unabh\u00e4ngig vom Level.<\/p>\n<p><\/p>\t\t\t\t\t\t\t\t<\/div>\n\t\t\t\t<\/div>\n\t\t\t\t\t<\/div>\n\t\t<\/div>\n\t\t\t\t\t<\/div>\n\t\t<\/section>\n\t\t\t\t<section class=\"elementor-section elementor-top-section elementor-element elementor-element-d43b71c elementor-section-boxed elementor-section-height-default elementor-section-height-default\" data-id=\"d43b71c\" data-element_type=\"section\" data-e-type=\"section\">\n\t\t\t\t\t\t<div class=\"elementor-container elementor-column-gap-default\">\n\t\t\t\t\t<div class=\"elementor-column elementor-col-100 elementor-top-column elementor-element elementor-element-b80db65\" data-id=\"b80db65\" data-element_type=\"column\" data-e-type=\"column\">\n\t\t\t<div class=\"elementor-widget-wrap elementor-element-populated\">\n\t\t\t\t\t\t<section class=\"elementor-section elementor-inner-section elementor-element elementor-element-0124639 elementor-section-boxed elementor-section-height-default elementor-section-height-default\" data-id=\"0124639\" data-element_type=\"section\" data-e-type=\"section\">\n\t\t\t\t\t\t<div class=\"elementor-container elementor-column-gap-default\">\n\t\t\t\t\t<div class=\"elementor-column elementor-col-50 elementor-inner-column elementor-element elementor-element-d9caf03\" data-id=\"d9caf03\" data-element_type=\"column\" data-e-type=\"column\">\n\t\t\t<div class=\"elementor-widget-wrap elementor-element-populated\">\n\t\t\t\t\t\t<div class=\"elementor-element elementor-element-7992c5b elementor-widget elementor-widget-video\" data-id=\"7992c5b\" data-element_type=\"widget\" data-e-type=\"widget\" data-settings=\"{&quot;video_type&quot;:&quot;hosted&quot;,&quot;loop&quot;:&quot;yes&quot;,&quot;mute&quot;:&quot;yes&quot;,&quot;start&quot;:0,&quot;end&quot;:0,&quot;controls&quot;:&quot;yes&quot;}\" data-widget_type=\"video.default\">\n\t\t\t\t<div class=\"elementor-widget-container\">\n\t\t\t\t\t\t\t<div class=\"e-hosted-video elementor-wrapper elementor-open-inline\">\n\t\t\t\t\t<video class=\"elementor-video\" src=\"https:\/\/triyoga-erfurt.de\/wp-content\/uploads\/2025\/08\/GMT20240306-105836_Recording.cutfile.20240306141422544_640x360.mp4\" loop=\"\" controls=\"\" preload=\"metadata\" muted=\"muted\" controlsList=\"nodownload\" poster=\"https:\/\/triyoga-erfurt.de\/wp-content\/uploads\/2025\/08\/IMG_0505.jpg\"><\/video>\n\t\t\t\t<\/div>\n\t\t\t\t\t\t<\/div>\n\t\t\t\t<\/div>\n\t\t\t\t\t<\/div>\n\t\t<\/div>\n\t\t\t\t<div class=\"elementor-column elementor-col-50 elementor-inner-column elementor-element elementor-element-0f8a9e4\" data-id=\"0f8a9e4\" data-element_type=\"column\" data-e-type=\"column\">\n\t\t\t<div class=\"elementor-widget-wrap elementor-element-populated\">\n\t\t\t\t\t\t<div class=\"elementor-element elementor-element-584a4ab elementor-widget elementor-widget-video\" data-id=\"584a4ab\" data-element_type=\"widget\" data-e-type=\"widget\" data-settings=\"{&quot;video_type&quot;:&quot;hosted&quot;,&quot;loop&quot;:&quot;yes&quot;,&quot;mute&quot;:&quot;yes&quot;,&quot;start&quot;:0,&quot;end&quot;:0,&quot;controls&quot;:&quot;yes&quot;}\" data-widget_type=\"video.default\">\n\t\t\t\t<div class=\"elementor-widget-container\">\n\t\t\t\t\t\t\t<div class=\"e-hosted-video elementor-wrapper elementor-open-inline\">\n\t\t\t\t\t<video class=\"elementor-video\" src=\"https:\/\/triyoga-erfurt.de\/wp-content\/uploads\/2025\/08\/GMT20240306-111503_Recording.cutfile.20250801112935212_640x360.mp4\" loop=\"\" controls=\"\" preload=\"metadata\" muted=\"muted\" controlsList=\"nodownload\" poster=\"https:\/\/triyoga-erfurt.de\/wp-content\/uploads\/2025\/08\/IMG_0506.jpg\"><\/video>\n\t\t\t\t<\/div>\n\t\t\t\t\t\t<\/div>\n\t\t\t\t<\/div>\n\t\t\t\t\t<\/div>\n\t\t<\/div>\n\t\t\t\t\t<\/div>\n\t\t<\/section>\n\t\t\t\t\t<\/div>\n\t\t<\/div>\n\t\t\t\t\t<\/div>\n\t\t<\/section>\n\t\t\t\t<section class=\"elementor-section elementor-top-section elementor-element elementor-element-3271e7b elementor-section-content-top elementor-section-boxed elementor-section-height-default elementor-section-height-default\" data-id=\"3271e7b\" data-element_type=\"section\" data-e-type=\"section\" data-settings=\"{&quot;background_background&quot;:&quot;classic&quot;}\">\n\t\t\t\t\t\t\t<div class=\"elementor-background-overlay\"><\/div>\n\t\t\t\t\t\t\t<div class=\"elementor-container elementor-column-gap-default\">\n\t\t\t\t\t<div class=\"elementor-column elementor-col-100 elementor-top-column elementor-element elementor-element-d78d76c\" data-id=\"d78d76c\" data-element_type=\"column\" data-e-type=\"column\">\n\t\t\t<div class=\"elementor-widget-wrap elementor-element-populated\">\n\t\t\t\t\t\t<section class=\"elementor-section elementor-inner-section elementor-element elementor-element-488bf75a elementor-section-content-top elementor-section-boxed elementor-section-height-default elementor-section-height-default\" data-id=\"488bf75a\" data-element_type=\"section\" data-e-type=\"section\">\n\t\t\t\t\t\t<div class=\"elementor-container elementor-column-gap-default\">\n\t\t\t\t\t<div class=\"elementor-column elementor-col-33 elementor-inner-column elementor-element elementor-element-2919bfde\" data-id=\"2919bfde\" data-element_type=\"column\" data-e-type=\"column\">\n\t\t\t<div class=\"elementor-widget-wrap elementor-element-populated\">\n\t\t\t\t\t\t<div class=\"elementor-element elementor-element-4aa8b125 animated-slow elementor-widget elementor-widget-heading\" data-id=\"4aa8b125\" data-element_type=\"widget\" data-e-type=\"widget\" data-settings=\"{&quot;_animation&quot;:&quot;none&quot;,&quot;_animation_delay&quot;:600}\" data-widget_type=\"heading.default\">\n\t\t\t\t<div class=\"elementor-widget-container\">\n\t\t\t\t\t<h2 class=\"elementor-heading-title elementor-size-default\">TriYoga Center Erfurt<\/h2>\t\t\t\t<\/div>\n\t\t\t\t<\/div>\n\t\t\t\t<div class=\"elementor-element elementor-element-64653565 elementor-widget elementor-widget-text-editor\" data-id=\"64653565\" data-element_type=\"widget\" data-e-type=\"widget\" data-settings=\"{&quot;_animation&quot;:&quot;none&quot;}\" data-widget_type=\"text-editor.default\">\n\t\t\t\t<div class=\"elementor-widget-container\">\n\t\t\t\t\t\t\t\t\t<p>99084 Erfurt, Johannesstr. 146 \/ Heilige Grabesm\u00fchlgasse<\/p><p>0361 6021525<\/p><p>0176 404 63 290<\/p>\t\t\t\t\t\t\t\t<\/div>\n\t\t\t\t<\/div>\n\t\t\t\t\t<\/div>\n\t\t<\/div>\n\t\t\t\t<div class=\"elementor-column elementor-col-33 elementor-inner-column elementor-element elementor-element-5d01bd9b\" data-id=\"5d01bd9b\" data-element_type=\"column\" data-e-type=\"column\">\n\t\t\t<div class=\"elementor-widget-wrap elementor-element-populated\">\n\t\t\t\t\t\t<div class=\"elementor-element elementor-element-2140ac01 elementor-icon-list--layout-traditional elementor-list-item-link-full_width elementor-widget elementor-widget-icon-list\" data-id=\"2140ac01\" data-element_type=\"widget\" data-e-type=\"widget\" data-widget_type=\"icon-list.default\">\n\t\t\t\t<div class=\"elementor-widget-container\">\n\t\t\t\t\t\t\t<ul class=\"elementor-icon-list-items\">\n\t\t\t\t\t\t\t<li class=\"elementor-icon-list-item\">\n\t\t\t\t\t\t\t\t\t\t\t<a href=\"https:\/\/triyoga-erfurt.de\/impressum\/\">\n\n\t\t\t\t\t\t\t\t\t\t\t<span class=\"elementor-icon-list-text\">Impressum<\/span>\n\t\t\t\t\t\t\t\t\t\t\t<\/a>\n\t\t\t\t\t\t\t\t\t<\/li>\n\t\t\t\t\t\t\t\t<li class=\"elementor-icon-list-item\">\n\t\t\t\t\t\t\t\t\t\t\t<a href=\"https:\/\/triyoga-erfurt.de\/agbs\/\">\n\n\t\t\t\t\t\t\t\t\t\t\t<span class=\"elementor-icon-list-text\">AGB`s<\/span>\n\t\t\t\t\t\t\t\t\t\t\t<\/a>\n\t\t\t\t\t\t\t\t\t<\/li>\n\t\t\t\t\t\t\t\t<li class=\"elementor-icon-list-item\">\n\t\t\t\t\t\t\t\t\t\t\t<a href=\"https:\/\/triyoga-erfurt.de\/haftungshinweise\/\">\n\n\t\t\t\t\t\t\t\t\t\t\t<span class=\"elementor-icon-list-text\">Haftungshinweise<\/span>\n\t\t\t\t\t\t\t\t\t\t\t<\/a>\n\t\t\t\t\t\t\t\t\t<\/li>\n\t\t\t\t\t\t\t\t<li class=\"elementor-icon-list-item\">\n\t\t\t\t\t\t\t\t\t\t\t<a href=\"https:\/\/triyoga-erfurt.de\/datenschutzerklaerung\/\">\n\n\t\t\t\t\t\t\t\t\t\t\t<span class=\"elementor-icon-list-text\">Datenschutz<\/span>\n\t\t\t\t\t\t\t\t\t\t\t<\/a>\n\t\t\t\t\t\t\t\t\t<\/li>\n\t\t\t\t\t\t<\/ul>\n\t\t\t\t\t\t<\/div>\n\t\t\t\t<\/div>\n\t\t\t\t\t<\/div>\n\t\t<\/div>\n\t\t\t\t<div class=\"elementor-column elementor-col-33 elementor-inner-column elementor-element elementor-element-12f9393d\" data-id=\"12f9393d\" data-element_type=\"column\" data-e-type=\"column\">\n\t\t\t<div class=\"elementor-widget-wrap elementor-element-populated\">\n\t\t\t\t\t\t<div class=\"elementor-element elementor-element-657bfc91 elementor-view-default elementor-widget elementor-widget-icon\" data-id=\"657bfc91\" data-element_type=\"widget\" data-e-type=\"widget\" data-widget_type=\"icon.default\">\n\t\t\t\t<div class=\"elementor-widget-container\">\n\t\t\t\t\t\t\t<div class=\"elementor-icon-wrapper\">\n\t\t\t<a class=\"elementor-icon\" href=\"https:\/\/www.facebook.com\/profile.php?id=100009362423070&#038;locale=de_DE\">\n\t\t\t<i aria-hidden=\"true\" class=\"fab fa-facebook-f\"><\/i>\t\t\t<\/a>\n\t\t<\/div>\n\t\t\t\t\t\t<\/div>\n\t\t\t\t<\/div>\n\t\t\t\t<div class=\"elementor-element elementor-element-31d14277 elementor-icon-list--layout-traditional elementor-list-item-link-full_width elementor-widget elementor-widget-icon-list\" data-id=\"31d14277\" data-element_type=\"widget\" data-e-type=\"widget\" data-widget_type=\"icon-list.default\">\n\t\t\t\t<div class=\"elementor-widget-container\">\n\t\t\t\t\t\t\t<ul class=\"elementor-icon-list-items\">\n\t\t\t\t\t\t\t<li class=\"elementor-icon-list-item\">\n\t\t\t\t\t\t\t\t\t\t\t<span class=\"elementor-icon-list-icon\">\n\t\t\t\t\t\t\t<i aria-hidden=\"true\" class=\"far fa-copyright\"><\/i>\t\t\t\t\t\t<\/span>\n\t\t\t\t\t\t\t\t\t\t<span class=\"elementor-icon-list-text\">2026 TriYoga Center Erfurt<\/span>\n\t\t\t\t\t\t\t\t\t<\/li>\n\t\t\t\t\t\t<\/ul>\n\t\t\t\t\t\t<\/div>\n\t\t\t\t<\/div>\n\t\t\t\t\t<\/div>\n\t\t<\/div>\n\t\t\t\t\t<\/div>\n\t\t<\/section>\n\t\t\t\t\t<\/div>\n\t\t<\/div>\n\t\t\t\t\t<\/div>\n\t\t<\/section>\n\t\t\t\t<\/div>\n\t\t","protected":false},"excerpt":{"rendered":"<p>TriYoga Flow &#8211; Leben im Flow TriYoga Flow, 1980 von Kali Ray gegr\u00fcndet, ist eine vollst\u00e4ndige Hatha-Yoga-Methode, die das breite Spektrum traditioneller Yoga\u00fcbungen einschlie\u00dft. Entstanden ist TriYoga durch Kalijis direkte Erfahrung und das intuitive Wissen, das durch den inneren Flu\u00df der Kundalini erwacht. Kaliji ist international bekannt als Yogini und Gr\u00fcnderin von TriYoga. &nbsp;Ihre Suche [&hellip;]<\/p>\n","protected":false},"author":1,"featured_media":0,"parent":0,"menu_order":0,"comment_status":"closed","ping_status":"closed","template":"","meta":{"ocean_post_layout":"full-screen","ocean_both_sidebars_style":"","ocean_both_sidebars_content_width":0,"ocean_both_sidebars_sidebars_width":0,"ocean_sidebar":"0","ocean_second_sidebar":"0","ocean_disable_margins":"enable","ocean_add_body_class":"","ocean_shortcode_before_top_bar":"","ocean_shortcode_after_top_bar":"","ocean_shortcode_before_header":"","ocean_shortcode_after_header":"","ocean_has_shortcode":"","ocean_shortcode_after_title":"","ocean_shortcode_before_footer_widgets":"","ocean_shortcode_after_footer_widgets":"","ocean_shortcode_before_footer_bottom":"","ocean_shortcode_after_footer_bottom":"","ocean_display_top_bar":"default","ocean_display_header":"default","ocean_header_style":"","ocean_center_header_left_menu":"0","ocean_custom_header_template":"0","ocean_custom_logo":0,"ocean_custom_retina_logo":0,"ocean_custom_logo_max_width":0,"ocean_custom_logo_tablet_max_width":0,"ocean_custom_logo_mobile_max_width":0,"ocean_custom_logo_max_height":0,"ocean_custom_logo_tablet_max_height":0,"ocean_custom_logo_mobile_max_height":0,"ocean_header_custom_menu":"0","ocean_menu_typo_font_family":"0","ocean_menu_typo_font_subset":"","ocean_menu_typo_font_size":0,"ocean_menu_typo_font_size_tablet":0,"ocean_menu_typo_font_size_mobile":0,"ocean_menu_typo_font_size_unit":"px","ocean_menu_typo_font_weight":"","ocean_menu_typo_font_weight_tablet":"","ocean_menu_typo_font_weight_mobile":"","ocean_menu_typo_transform":"","ocean_menu_typo_transform_tablet":"","ocean_menu_typo_transform_mobile":"","ocean_menu_typo_line_height":0,"ocean_menu_typo_line_height_tablet":0,"ocean_menu_typo_line_height_mobile":0,"ocean_menu_typo_line_height_unit":"","ocean_menu_typo_spacing":0,"ocean_menu_typo_spacing_tablet":0,"ocean_menu_typo_spacing_mobile":0,"ocean_menu_typo_spacing_unit":"","ocean_menu_link_color":"","ocean_menu_link_color_hover":"","ocean_menu_link_color_active":"","ocean_menu_link_background":"","ocean_menu_link_hover_background":"","ocean_menu_link_active_background":"","ocean_menu_social_links_bg":"","ocean_menu_social_hover_links_bg":"","ocean_menu_social_links_color":"","ocean_menu_social_hover_links_color":"","ocean_disable_title":"on","ocean_disable_heading":"default","ocean_post_title":"","ocean_post_subheading":"","ocean_post_title_style":"","ocean_post_title_background_color":"","ocean_post_title_background":0,"ocean_post_title_bg_image_position":"","ocean_post_title_bg_image_attachment":"","ocean_post_title_bg_image_repeat":"","ocean_post_title_bg_image_size":"","ocean_post_title_height":0,"ocean_post_title_bg_overlay":0.5,"ocean_post_title_bg_overlay_color":"","ocean_disable_breadcrumbs":"default","ocean_breadcrumbs_color":"","ocean_breadcrumbs_separator_color":"","ocean_breadcrumbs_links_color":"","ocean_breadcrumbs_links_hover_color":"","ocean_display_footer_widgets":"off","ocean_display_footer_bottom":"off","ocean_custom_footer_template":"0","footnotes":""},"class_list":["post-654","page","type-page","status-publish","hentry","entry"],"yoast_head":"<!-- This site is optimized with the Yoast SEO plugin v27.4 - https:\/\/yoast.com\/product\/yoast-seo-wordpress\/ -->\n<title>TriYoga - TriYoga Erfurt<\/title>\n<meta name=\"robots\" content=\"index, follow, max-snippet:-1, max-image-preview:large, max-video-preview:-1\" \/>\n<link rel=\"canonical\" href=\"https:\/\/triyoga-erfurt.de\/?page_id=654\" \/>\n<meta property=\"og:locale\" content=\"de_DE\" \/>\n<meta property=\"og:type\" content=\"article\" \/>\n<meta property=\"og:title\" content=\"TriYoga - TriYoga Erfurt\" \/>\n<meta property=\"og:description\" content=\"TriYoga Flow &#8211; Leben im Flow TriYoga Flow, 1980 von Kali Ray gegr\u00fcndet, ist eine vollst\u00e4ndige Hatha-Yoga-Methode, die das breite Spektrum traditioneller Yoga\u00fcbungen einschlie\u00dft. Entstanden ist TriYoga durch Kalijis direkte Erfahrung und das intuitive Wissen, das durch den inneren Flu\u00df der Kundalini erwacht. Kaliji ist international bekannt als Yogini und Gr\u00fcnderin von TriYoga. &nbsp;Ihre Suche [&hellip;]\" \/>\n<meta property=\"og:url\" content=\"https:\/\/triyoga-erfurt.de\/?page_id=654\" \/>\n<meta property=\"og:site_name\" content=\"TriYoga Erfurt\" \/>\n<meta property=\"article:modified_time\" content=\"2026-03-01T18:31:49+00:00\" \/>\n<meta name=\"twitter:card\" content=\"summary_large_image\" \/>\n<meta name=\"twitter:label1\" content=\"Gesch\u00e4tzte Lesezeit\" \/>\n\t<meta name=\"twitter:data1\" content=\"3\u00a0Minuten\" \/>\n<script type=\"application\/ld+json\" class=\"yoast-schema-graph\">{\"@context\":\"https:\\\/\\\/schema.org\",\"@graph\":[{\"@type\":\"WebPage\",\"@id\":\"https:\\\/\\\/triyoga-erfurt.de\\\/?page_id=654\",\"url\":\"https:\\\/\\\/triyoga-erfurt.de\\\/?page_id=654\",\"name\":\"TriYoga - TriYoga Erfurt\",\"isPartOf\":{\"@id\":\"https:\\\/\\\/triyoga-erfurt.de\\\/#website\"},\"datePublished\":\"2021-05-12T11:58:28+00:00\",\"dateModified\":\"2026-03-01T18:31:49+00:00\",\"breadcrumb\":{\"@id\":\"https:\\\/\\\/triyoga-erfurt.de\\\/?page_id=654#breadcrumb\"},\"inLanguage\":\"de\",\"potentialAction\":[{\"@type\":\"ReadAction\",\"target\":[\"https:\\\/\\\/triyoga-erfurt.de\\\/?page_id=654\"]}]},{\"@type\":\"BreadcrumbList\",\"@id\":\"https:\\\/\\\/triyoga-erfurt.de\\\/?page_id=654#breadcrumb\",\"itemListElement\":[{\"@type\":\"ListItem\",\"position\":1,\"name\":\"Startseite\",\"item\":\"https:\\\/\\\/triyoga-erfurt.de\\\/\"},{\"@type\":\"ListItem\",\"position\":2,\"name\":\"TriYoga\"}]},{\"@type\":\"WebSite\",\"@id\":\"https:\\\/\\\/triyoga-erfurt.de\\\/#website\",\"url\":\"https:\\\/\\\/triyoga-erfurt.de\\\/\",\"name\":\"TriYoga Erfurt\",\"description\":\"Yoga in Erfurt in kleinen Gruppen f\u00fcr Anf\u00e4nger und Fortgeschrittene\",\"publisher\":{\"@id\":\"https:\\\/\\\/triyoga-erfurt.de\\\/#\\\/schema\\\/person\\\/361154fa09d358a413323e0d6eed7982\"},\"potentialAction\":[{\"@type\":\"SearchAction\",\"target\":{\"@type\":\"EntryPoint\",\"urlTemplate\":\"https:\\\/\\\/triyoga-erfurt.de\\\/?s={search_term_string}\"},\"query-input\":{\"@type\":\"PropertyValueSpecification\",\"valueRequired\":true,\"valueName\":\"search_term_string\"}}],\"inLanguage\":\"de\"},{\"@type\":[\"Person\",\"Organization\"],\"@id\":\"https:\\\/\\\/triyoga-erfurt.de\\\/#\\\/schema\\\/person\\\/361154fa09d358a413323e0d6eed7982\",\"name\":\"annette\",\"image\":{\"@type\":\"ImageObject\",\"inLanguage\":\"de\",\"@id\":\"https:\\\/\\\/triyoga-erfurt.de\\\/wp-content\\\/uploads\\\/2021\\\/05\\\/cropped-cropped-cropped-cropped-A41BE6CF-9863-416A-A467-C622DBDA2AA7_1_105_c-e1620654293962-2.jpeg\",\"url\":\"https:\\\/\\\/triyoga-erfurt.de\\\/wp-content\\\/uploads\\\/2021\\\/05\\\/cropped-cropped-cropped-cropped-A41BE6CF-9863-416A-A467-C622DBDA2AA7_1_105_c-e1620654293962-2.jpeg\",\"contentUrl\":\"https:\\\/\\\/triyoga-erfurt.de\\\/wp-content\\\/uploads\\\/2021\\\/05\\\/cropped-cropped-cropped-cropped-A41BE6CF-9863-416A-A467-C622DBDA2AA7_1_105_c-e1620654293962-2.jpeg\",\"width\":512,\"height\":512,\"caption\":\"annette\"},\"logo\":{\"@id\":\"https:\\\/\\\/triyoga-erfurt.de\\\/wp-content\\\/uploads\\\/2021\\\/05\\\/cropped-cropped-cropped-cropped-A41BE6CF-9863-416A-A467-C622DBDA2AA7_1_105_c-e1620654293962-2.jpeg\"},\"sameAs\":[\"http:\\\/\\\/triyoga-erfurt.de\"]}]}<\/script>\n<!-- \/ Yoast SEO plugin. -->","yoast_head_json":{"title":"TriYoga - TriYoga Erfurt","robots":{"index":"index","follow":"follow","max-snippet":"max-snippet:-1","max-image-preview":"max-image-preview:large","max-video-preview":"max-video-preview:-1"},"canonical":"https:\/\/triyoga-erfurt.de\/?page_id=654","og_locale":"de_DE","og_type":"article","og_title":"TriYoga - TriYoga Erfurt","og_description":"TriYoga Flow &#8211; Leben im Flow TriYoga Flow, 1980 von Kali Ray gegr\u00fcndet, ist eine vollst\u00e4ndige Hatha-Yoga-Methode, die das breite Spektrum traditioneller Yoga\u00fcbungen einschlie\u00dft. Entstanden ist TriYoga durch Kalijis direkte Erfahrung und das intuitive Wissen, das durch den inneren Flu\u00df der Kundalini erwacht. Kaliji ist international bekannt als Yogini und Gr\u00fcnderin von TriYoga. &nbsp;Ihre Suche [&hellip;]","og_url":"https:\/\/triyoga-erfurt.de\/?page_id=654","og_site_name":"TriYoga Erfurt","article_modified_time":"2026-03-01T18:31:49+00:00","twitter_card":"summary_large_image","twitter_misc":{"Gesch\u00e4tzte Lesezeit":"3\u00a0Minuten"},"schema":{"@context":"https:\/\/schema.org","@graph":[{"@type":"WebPage","@id":"https:\/\/triyoga-erfurt.de\/?page_id=654","url":"https:\/\/triyoga-erfurt.de\/?page_id=654","name":"TriYoga - TriYoga Erfurt","isPartOf":{"@id":"https:\/\/triyoga-erfurt.de\/#website"},"datePublished":"2021-05-12T11:58:28+00:00","dateModified":"2026-03-01T18:31:49+00:00","breadcrumb":{"@id":"https:\/\/triyoga-erfurt.de\/?page_id=654#breadcrumb"},"inLanguage":"de","potentialAction":[{"@type":"ReadAction","target":["https:\/\/triyoga-erfurt.de\/?page_id=654"]}]},{"@type":"BreadcrumbList","@id":"https:\/\/triyoga-erfurt.de\/?page_id=654#breadcrumb","itemListElement":[{"@type":"ListItem","position":1,"name":"Startseite","item":"https:\/\/triyoga-erfurt.de\/"},{"@type":"ListItem","position":2,"name":"TriYoga"}]},{"@type":"WebSite","@id":"https:\/\/triyoga-erfurt.de\/#website","url":"https:\/\/triyoga-erfurt.de\/","name":"TriYoga Erfurt","description":"Yoga in Erfurt in kleinen Gruppen f\u00fcr Anf\u00e4nger und Fortgeschrittene","publisher":{"@id":"https:\/\/triyoga-erfurt.de\/#\/schema\/person\/361154fa09d358a413323e0d6eed7982"},"potentialAction":[{"@type":"SearchAction","target":{"@type":"EntryPoint","urlTemplate":"https:\/\/triyoga-erfurt.de\/?s={search_term_string}"},"query-input":{"@type":"PropertyValueSpecification","valueRequired":true,"valueName":"search_term_string"}}],"inLanguage":"de"},{"@type":["Person","Organization"],"@id":"https:\/\/triyoga-erfurt.de\/#\/schema\/person\/361154fa09d358a413323e0d6eed7982","name":"annette","image":{"@type":"ImageObject","inLanguage":"de","@id":"https:\/\/triyoga-erfurt.de\/wp-content\/uploads\/2021\/05\/cropped-cropped-cropped-cropped-A41BE6CF-9863-416A-A467-C622DBDA2AA7_1_105_c-e1620654293962-2.jpeg","url":"https:\/\/triyoga-erfurt.de\/wp-content\/uploads\/2021\/05\/cropped-cropped-cropped-cropped-A41BE6CF-9863-416A-A467-C622DBDA2AA7_1_105_c-e1620654293962-2.jpeg","contentUrl":"https:\/\/triyoga-erfurt.de\/wp-content\/uploads\/2021\/05\/cropped-cropped-cropped-cropped-A41BE6CF-9863-416A-A467-C622DBDA2AA7_1_105_c-e1620654293962-2.jpeg","width":512,"height":512,"caption":"annette"},"logo":{"@id":"https:\/\/triyoga-erfurt.de\/wp-content\/uploads\/2021\/05\/cropped-cropped-cropped-cropped-A41BE6CF-9863-416A-A467-C622DBDA2AA7_1_105_c-e1620654293962-2.jpeg"},"sameAs":["http:\/\/triyoga-erfurt.de"]}]}},"_links":{"self":[{"href":"https:\/\/triyoga-erfurt.de\/index.php?rest_route=\/wp\/v2\/pages\/654","targetHints":{"allow":["GET"]}}],"collection":[{"href":"https:\/\/triyoga-erfurt.de\/index.php?rest_route=\/wp\/v2\/pages"}],"about":[{"href":"https:\/\/triyoga-erfurt.de\/index.php?rest_route=\/wp\/v2\/types\/page"}],"author":[{"embeddable":true,"href":"https:\/\/triyoga-erfurt.de\/index.php?rest_route=\/wp\/v2\/users\/1"}],"replies":[{"embeddable":true,"href":"https:\/\/triyoga-erfurt.de\/index.php?rest_route=%2Fwp%2Fv2%2Fcomments&post=654"}],"version-history":[{"count":115,"href":"https:\/\/triyoga-erfurt.de\/index.php?rest_route=\/wp\/v2\/pages\/654\/revisions"}],"predecessor-version":[{"id":4109,"href":"https:\/\/triyoga-erfurt.de\/index.php?rest_route=\/wp\/v2\/pages\/654\/revisions\/4109"}],"wp:attachment":[{"href":"https:\/\/triyoga-erfurt.de\/index.php?rest_route=%2Fwp%2Fv2%2Fmedia&parent=654"}],"curies":[{"name":"wp","href":"https:\/\/api.w.org\/{rel}","templated":true}]}}