{"id":5,"date":"2021-05-04T15:57:12","date_gmt":"2021-05-04T15:57:12","guid":{"rendered":"http:\/\/triyoga-erfurt.de\/?page_id=5"},"modified":"2022-10-06T10:06:55","modified_gmt":"2022-10-06T10:06:55","slug":"datenschutzerklaerung","status":"publish","type":"page","link":"https:\/\/triyoga-erfurt.de\/?page_id=5","title":{"rendered":"Datenschutzerkl\u00e4rung"},"content":{"rendered":"\t\t<div data-elementor-type=\"wp-page\" data-elementor-id=\"5\" class=\"elementor elementor-5\">\n\t\t\t\t\t\t<section class=\"elementor-section elementor-top-section elementor-element elementor-element-37f9e11 elementor-section-boxed elementor-section-height-default elementor-section-height-default\" data-id=\"37f9e11\" data-element_type=\"section\" data-e-type=\"section\" data-settings=\"{&quot;background_background&quot;:&quot;classic&quot;}\">\n\t\t\t\t\t\t<div class=\"elementor-container elementor-column-gap-default\">\n\t\t\t\t\t<div class=\"elementor-column elementor-col-100 elementor-top-column elementor-element elementor-element-7abb9385\" data-id=\"7abb9385\" data-element_type=\"column\" data-e-type=\"column\">\n\t\t\t<div class=\"elementor-widget-wrap elementor-element-populated\">\n\t\t\t\t\t\t<div class=\"elementor-element elementor-element-23d3907f elementor-widget elementor-widget-text-editor\" data-id=\"23d3907f\" data-element_type=\"widget\" data-e-type=\"widget\" data-widget_type=\"text-editor.default\">\n\t\t\t\t<div class=\"elementor-widget-container\">\n\t\t\t\t\t\t\t\t\t<p><\/p>\n<p>Datenschutzerkl\u00e4rung<\/p>\n<p>Verantwortlicher gem. Art. 4 Abs. 7 EU-Datenschutz-Grundverordnung (EU-DSGVO) ist Annette Otto, TriYoga Center Erfurt, Johannes Strasse 146, 99084 Erfurt, annette.nandini@web.de)<\/p>\n<p><\/p>\n<p>Imformation \u00fcber die Erhebung personenbezogener Daten, Speicherdauer<\/p>\n<p><\/p>\n<p>Im Folgenden informieren wir \u00fcber die Erhebung personenbezogener Daten bei Nutzung unserer Website. Personenbezogene Daten sind alle Daten, die auf Sie pers\u00f6nlich beziehbar sind, z.B. Name, Adresse, E-Mail-Adressen, Nutzerverhalten.<\/p>\n<p><\/p>\n<p>Bei Ihrer Kontaktaufnahme mit uns per E-Mail oder \u00fcber das Kontaktformular werden die von Ihnen mitgeteilten Daten (Ihre E-Mail-Adresse, ggf. Ihr Name und Ihre Telefonnummer) von uns gespeichert, um Ihre Fragen zu beantworten. Die in diesem Zusammenhang anfallenden Daten l\u00f6schen wir, nachdem die Speicherung nicht mehr erforderlich ist, oder schr\u00e4nken die Verarbeitung ein, falls gesetzliche Aufbewahrungspflichten bestehen.<\/p>\n<p><\/p>\n<p>Falls wir f\u00fcr einzelne Funktionen unseres Angebots auf beauftragte Dienstleister zur\u00fcckgreifen oder Ihre Daten f\u00fcr werbliche Zwecke nutzen m\u00f6chten, werden wir Sie untenstehend im Detail \u00fcber die jeweiligen Vorg\u00e4nge informieren. Dabei nennen wir auch die festgelegten Kriterien der Speicherdauer.<\/p>\n<p><\/p>\n<p>Ihre Rechte<\/p>\n<p><\/p>\n<p>Sie haben gegen\u00fcber uns folgende Rechte hinsichtlich der Sie betreffenden personenbezogenen Daten:<\/p>\n<p><\/p>\n<ul class=\"wp-block-list\">\n<li>Recht auf Auskunft<\/li>\n<li>Recht auf Berichtigung oder L\u00f6schung<\/li>\n<li>Recht auf Einschr\u00e4nkung der Verarbeitung<\/li>\n<li>Recht auf Widerspruch gegen die Verarbeitung<\/li>\n<li>Recht auf Daten\u00fcbertragbarkeit.<\/li>\n<\/ul>\n<p><\/p>\n<p>Sie haben zudem das Recht, sich bei einer Datenschutz-Aufsichtsbeh\u00f6rde \u00fcber die Verarbeitung Ihrer personenbezogenen Daten durch uns zu beschweren. Die Datenschutz-Aufsichtsbeh\u00f6rde ist der Landesbeauftragte f\u00fcr den Datenschutz und die Informationsfreiheit (LfDI), K\u00f6nigsstrasse 10a, 70173 Stuttgart.<\/p>\n<p><\/p>\n<p>Werden personenbezogene Daten an ein Drittland oder an eine internationale Organisation \u00fcbermittelt, so haben Sie das Recht, \u00fcber die geeigneten Garantien gem\u00e4\u00df Art. 46 EU-DSGVO im Zusammenhang mit der \u00dcbermittlung unterrichtet zu werden.<\/p>\n<p><\/p>\n<p>Erhebung und Zweck personenbezogener Daten bei Besuch unserer Website<\/p>\n<p><\/p>\n<p>Bei der blo\u00df informatorischen Nutzung der Website, also wenn Sie sich nicht registrieren oder uns anderweitig Informationen \u00fcbermitteln, erheben wir nur die personenbezogenen Daten, die Ihr Browser an unseren Server \u00fcbermittelt. Wenn Sie unsere Website betrachten m\u00f6chten, erheben wir die folgenden Daten, die f\u00fcr uns technisch erforderlich sind, um Ihnen unsere Website anzuzeigen und die Stabilit\u00e4t und Sicherheit zu gew\u00e4hrleisten (Rechtsgrundlage ist Art. 6 Abs. 1 S. 1 Lit. f EU-DSGVO):<\/p>\n<p><\/p>\n<ul class=\"wp-block-list\">\n<li>IP-Adresse<\/li>\n<li>Datum und Uhrzeit der Anfrage<\/li>\n<li>Zeitzonendifferenz zur Greenwich Mean Time (GMT)<\/li>\n<li>Inhalt der Aufforderung (konkrete Seite)<\/li>\n<li>Zugriffsstatus\/HTTP-Statuscode<\/li>\n<li>jeweils \u00fcbertragene Datenmenge<\/li>\n<li>Website, von der die Anforderung kommt<\/li>\n<li>Browser<\/li>\n<li>Betriebssystem und dessen Oberfl\u00e4che<\/li>\n<li>Sprache und Version der Browser Software<\/li>\n<\/ul>\n<p><\/p>\t\t\t\t\t\t\t\t<\/div>\n\t\t\t\t<\/div>\n\t\t\t\t\t<\/div>\n\t\t<\/div>\n\t\t\t\t\t<\/div>\n\t\t<\/section>\n\t\t\t\t<\/div>\n\t\t","protected":false},"excerpt":{"rendered":"<p>Datenschutzerkl\u00e4rung Verantwortlicher gem. Art. 4 Abs. 7 EU-Datenschutz-Grundverordnung (EU-DSGVO) ist Annette Otto, TriYoga Center Erfurt, Johannes Strasse 146, 99084 Erfurt, annette.nandini@web.de) Imformation \u00fcber die Erhebung personenbezogener Daten, Speicherdauer Im Folgenden informieren wir \u00fcber die Erhebung personenbezogener Daten bei Nutzung unserer Website. Personenbezogene Daten sind alle Daten, die auf Sie pers\u00f6nlich beziehbar sind, z.B. Name, Adresse, [&hellip;]<\/p>\n","protected":false},"author":1,"featured_media":0,"parent":0,"menu_order":0,"comment_status":"closed","ping_status":"closed","template":"","meta":{"ocean_post_layout":"full-screen","ocean_both_sidebars_style":"","ocean_both_sidebars_content_width":0,"ocean_both_sidebars_sidebars_width":0,"ocean_sidebar":"0","ocean_second_sidebar":"0","ocean_disable_margins":"enable","ocean_add_body_class":"","ocean_shortcode_before_top_bar":"","ocean_shortcode_after_top_bar":"","ocean_shortcode_before_header":"","ocean_shortcode_after_header":"","ocean_has_shortcode":"","ocean_shortcode_after_title":"","ocean_shortcode_before_footer_widgets":"","ocean_shortcode_after_footer_widgets":"","ocean_shortcode_before_footer_bottom":"","ocean_shortcode_after_footer_bottom":"","ocean_display_top_bar":"default","ocean_display_header":"default","ocean_header_style":"","ocean_center_header_left_menu":"0","ocean_custom_header_template":"0","ocean_custom_logo":0,"ocean_custom_retina_logo":0,"ocean_custom_logo_max_width":0,"ocean_custom_logo_tablet_max_width":0,"ocean_custom_logo_mobile_max_width":0,"ocean_custom_logo_max_height":0,"ocean_custom_logo_tablet_max_height":0,"ocean_custom_logo_mobile_max_height":0,"ocean_header_custom_menu":"0","ocean_menu_typo_font_family":"0","ocean_menu_typo_font_subset":"","ocean_menu_typo_font_size":0,"ocean_menu_typo_font_size_tablet":0,"ocean_menu_typo_font_size_mobile":0,"ocean_menu_typo_font_size_unit":"px","ocean_menu_typo_font_weight":"","ocean_menu_typo_font_weight_tablet":"","ocean_menu_typo_font_weight_mobile":"","ocean_menu_typo_transform":"","ocean_menu_typo_transform_tablet":"","ocean_menu_typo_transform_mobile":"","ocean_menu_typo_line_height":0,"ocean_menu_typo_line_height_tablet":0,"ocean_menu_typo_line_height_mobile":0,"ocean_menu_typo_line_height_unit":"","ocean_menu_typo_spacing":0,"ocean_menu_typo_spacing_tablet":0,"ocean_menu_typo_spacing_mobile":0,"ocean_menu_typo_spacing_unit":"","ocean_menu_link_color":"","ocean_menu_link_color_hover":"","ocean_menu_link_color_active":"","ocean_menu_link_background":"","ocean_menu_link_hover_background":"","ocean_menu_link_active_background":"","ocean_menu_social_links_bg":"","ocean_menu_social_hover_links_bg":"","ocean_menu_social_links_color":"","ocean_menu_social_hover_links_color":"","ocean_disable_title":"on","ocean_disable_heading":"default","ocean_post_title":"","ocean_post_subheading":"","ocean_post_title_style":"","ocean_post_title_background_color":"","ocean_post_title_background":0,"ocean_post_title_bg_image_position":"","ocean_post_title_bg_image_attachment":"","ocean_post_title_bg_image_repeat":"","ocean_post_title_bg_image_size":"","ocean_post_title_height":0,"ocean_post_title_bg_overlay":0.5,"ocean_post_title_bg_overlay_color":"","ocean_disable_breadcrumbs":"default","ocean_breadcrumbs_color":"","ocean_breadcrumbs_separator_color":"","ocean_breadcrumbs_links_color":"","ocean_breadcrumbs_links_hover_color":"","ocean_display_footer_widgets":"off","ocean_display_footer_bottom":"off","ocean_custom_footer_template":"0","footnotes":""},"class_list":["post-5","page","type-page","status-publish","hentry","entry"],"yoast_head":"<!-- This site is optimized with the Yoast SEO plugin v27.4 - https:\/\/yoast.com\/product\/yoast-seo-wordpress\/ -->\n<title>Datenschutzerkl\u00e4rung - TriYoga Erfurt<\/title>\n<meta name=\"robots\" content=\"index, follow, max-snippet:-1, max-image-preview:large, max-video-preview:-1\" \/>\n<link rel=\"canonical\" href=\"https:\/\/triyoga-erfurt.de\/?page_id=5\" \/>\n<meta property=\"og:locale\" content=\"de_DE\" \/>\n<meta property=\"og:type\" content=\"article\" \/>\n<meta property=\"og:title\" content=\"Datenschutzerkl\u00e4rung - TriYoga Erfurt\" \/>\n<meta property=\"og:description\" content=\"Datenschutzerkl\u00e4rung Verantwortlicher gem. Art. 4 Abs. 7 EU-Datenschutz-Grundverordnung (EU-DSGVO) ist Annette Otto, TriYoga Center Erfurt, Johannes Strasse 146, 99084 Erfurt, annette.nandini@web.de) Imformation \u00fcber die Erhebung personenbezogener Daten, Speicherdauer Im Folgenden informieren wir \u00fcber die Erhebung personenbezogener Daten bei Nutzung unserer Website. Personenbezogene Daten sind alle Daten, die auf Sie pers\u00f6nlich beziehbar sind, z.B. Name, Adresse, [&hellip;]\" \/>\n<meta property=\"og:url\" content=\"https:\/\/triyoga-erfurt.de\/?page_id=5\" \/>\n<meta property=\"og:site_name\" content=\"TriYoga Erfurt\" \/>\n<meta property=\"article:modified_time\" content=\"2022-10-06T10:06:55+00:00\" \/>\n<meta name=\"twitter:card\" content=\"summary_large_image\" \/>\n<meta name=\"twitter:label1\" content=\"Gesch\u00e4tzte Lesezeit\" \/>\n\t<meta name=\"twitter:data1\" content=\"3\u00a0Minuten\" \/>\n<script type=\"application\/ld+json\" class=\"yoast-schema-graph\">{\"@context\":\"https:\\\/\\\/schema.org\",\"@graph\":[{\"@type\":\"WebPage\",\"@id\":\"https:\\\/\\\/triyoga-erfurt.de\\\/?page_id=5\",\"url\":\"https:\\\/\\\/triyoga-erfurt.de\\\/?page_id=5\",\"name\":\"Datenschutzerkl\u00e4rung - TriYoga Erfurt\",\"isPartOf\":{\"@id\":\"https:\\\/\\\/triyoga-erfurt.de\\\/#website\"},\"datePublished\":\"2021-05-04T15:57:12+00:00\",\"dateModified\":\"2022-10-06T10:06:55+00:00\",\"breadcrumb\":{\"@id\":\"https:\\\/\\\/triyoga-erfurt.de\\\/?page_id=5#breadcrumb\"},\"inLanguage\":\"de\",\"potentialAction\":[{\"@type\":\"ReadAction\",\"target\":[\"https:\\\/\\\/triyoga-erfurt.de\\\/?page_id=5\"]}]},{\"@type\":\"BreadcrumbList\",\"@id\":\"https:\\\/\\\/triyoga-erfurt.de\\\/?page_id=5#breadcrumb\",\"itemListElement\":[{\"@type\":\"ListItem\",\"position\":1,\"name\":\"Startseite\",\"item\":\"https:\\\/\\\/triyoga-erfurt.de\\\/\"},{\"@type\":\"ListItem\",\"position\":2,\"name\":\"Datenschutzerkl\u00e4rung\"}]},{\"@type\":\"WebSite\",\"@id\":\"https:\\\/\\\/triyoga-erfurt.de\\\/#website\",\"url\":\"https:\\\/\\\/triyoga-erfurt.de\\\/\",\"name\":\"TriYoga Erfurt\",\"description\":\"Yoga in Erfurt in kleinen Gruppen f\u00fcr Anf\u00e4nger und Fortgeschrittene\",\"publisher\":{\"@id\":\"https:\\\/\\\/triyoga-erfurt.de\\\/#\\\/schema\\\/person\\\/361154fa09d358a413323e0d6eed7982\"},\"potentialAction\":[{\"@type\":\"SearchAction\",\"target\":{\"@type\":\"EntryPoint\",\"urlTemplate\":\"https:\\\/\\\/triyoga-erfurt.de\\\/?s={search_term_string}\"},\"query-input\":{\"@type\":\"PropertyValueSpecification\",\"valueRequired\":true,\"valueName\":\"search_term_string\"}}],\"inLanguage\":\"de\"},{\"@type\":[\"Person\",\"Organization\"],\"@id\":\"https:\\\/\\\/triyoga-erfurt.de\\\/#\\\/schema\\\/person\\\/361154fa09d358a413323e0d6eed7982\",\"name\":\"annette\",\"image\":{\"@type\":\"ImageObject\",\"inLanguage\":\"de\",\"@id\":\"https:\\\/\\\/triyoga-erfurt.de\\\/wp-content\\\/uploads\\\/2021\\\/05\\\/cropped-cropped-cropped-cropped-A41BE6CF-9863-416A-A467-C622DBDA2AA7_1_105_c-e1620654293962-2.jpeg\",\"url\":\"https:\\\/\\\/triyoga-erfurt.de\\\/wp-content\\\/uploads\\\/2021\\\/05\\\/cropped-cropped-cropped-cropped-A41BE6CF-9863-416A-A467-C622DBDA2AA7_1_105_c-e1620654293962-2.jpeg\",\"contentUrl\":\"https:\\\/\\\/triyoga-erfurt.de\\\/wp-content\\\/uploads\\\/2021\\\/05\\\/cropped-cropped-cropped-cropped-A41BE6CF-9863-416A-A467-C622DBDA2AA7_1_105_c-e1620654293962-2.jpeg\",\"width\":512,\"height\":512,\"caption\":\"annette\"},\"logo\":{\"@id\":\"https:\\\/\\\/triyoga-erfurt.de\\\/wp-content\\\/uploads\\\/2021\\\/05\\\/cropped-cropped-cropped-cropped-A41BE6CF-9863-416A-A467-C622DBDA2AA7_1_105_c-e1620654293962-2.jpeg\"},\"sameAs\":[\"http:\\\/\\\/triyoga-erfurt.de\"]}]}<\/script>\n<!-- \/ Yoast SEO plugin. -->","yoast_head_json":{"title":"Datenschutzerkl\u00e4rung - TriYoga Erfurt","robots":{"index":"index","follow":"follow","max-snippet":"max-snippet:-1","max-image-preview":"max-image-preview:large","max-video-preview":"max-video-preview:-1"},"canonical":"https:\/\/triyoga-erfurt.de\/?page_id=5","og_locale":"de_DE","og_type":"article","og_title":"Datenschutzerkl\u00e4rung - TriYoga Erfurt","og_description":"Datenschutzerkl\u00e4rung Verantwortlicher gem. Art. 4 Abs. 7 EU-Datenschutz-Grundverordnung (EU-DSGVO) ist Annette Otto, TriYoga Center Erfurt, Johannes Strasse 146, 99084 Erfurt, annette.nandini@web.de) Imformation \u00fcber die Erhebung personenbezogener Daten, Speicherdauer Im Folgenden informieren wir \u00fcber die Erhebung personenbezogener Daten bei Nutzung unserer Website. Personenbezogene Daten sind alle Daten, die auf Sie pers\u00f6nlich beziehbar sind, z.B. Name, Adresse, [&hellip;]","og_url":"https:\/\/triyoga-erfurt.de\/?page_id=5","og_site_name":"TriYoga Erfurt","article_modified_time":"2022-10-06T10:06:55+00:00","twitter_card":"summary_large_image","twitter_misc":{"Gesch\u00e4tzte Lesezeit":"3\u00a0Minuten"},"schema":{"@context":"https:\/\/schema.org","@graph":[{"@type":"WebPage","@id":"https:\/\/triyoga-erfurt.de\/?page_id=5","url":"https:\/\/triyoga-erfurt.de\/?page_id=5","name":"Datenschutzerkl\u00e4rung - TriYoga Erfurt","isPartOf":{"@id":"https:\/\/triyoga-erfurt.de\/#website"},"datePublished":"2021-05-04T15:57:12+00:00","dateModified":"2022-10-06T10:06:55+00:00","breadcrumb":{"@id":"https:\/\/triyoga-erfurt.de\/?page_id=5#breadcrumb"},"inLanguage":"de","potentialAction":[{"@type":"ReadAction","target":["https:\/\/triyoga-erfurt.de\/?page_id=5"]}]},{"@type":"BreadcrumbList","@id":"https:\/\/triyoga-erfurt.de\/?page_id=5#breadcrumb","itemListElement":[{"@type":"ListItem","position":1,"name":"Startseite","item":"https:\/\/triyoga-erfurt.de\/"},{"@type":"ListItem","position":2,"name":"Datenschutzerkl\u00e4rung"}]},{"@type":"WebSite","@id":"https:\/\/triyoga-erfurt.de\/#website","url":"https:\/\/triyoga-erfurt.de\/","name":"TriYoga Erfurt","description":"Yoga in Erfurt in kleinen Gruppen f\u00fcr Anf\u00e4nger und Fortgeschrittene","publisher":{"@id":"https:\/\/triyoga-erfurt.de\/#\/schema\/person\/361154fa09d358a413323e0d6eed7982"},"potentialAction":[{"@type":"SearchAction","target":{"@type":"EntryPoint","urlTemplate":"https:\/\/triyoga-erfurt.de\/?s={search_term_string}"},"query-input":{"@type":"PropertyValueSpecification","valueRequired":true,"valueName":"search_term_string"}}],"inLanguage":"de"},{"@type":["Person","Organization"],"@id":"https:\/\/triyoga-erfurt.de\/#\/schema\/person\/361154fa09d358a413323e0d6eed7982","name":"annette","image":{"@type":"ImageObject","inLanguage":"de","@id":"https:\/\/triyoga-erfurt.de\/wp-content\/uploads\/2021\/05\/cropped-cropped-cropped-cropped-A41BE6CF-9863-416A-A467-C622DBDA2AA7_1_105_c-e1620654293962-2.jpeg","url":"https:\/\/triyoga-erfurt.de\/wp-content\/uploads\/2021\/05\/cropped-cropped-cropped-cropped-A41BE6CF-9863-416A-A467-C622DBDA2AA7_1_105_c-e1620654293962-2.jpeg","contentUrl":"https:\/\/triyoga-erfurt.de\/wp-content\/uploads\/2021\/05\/cropped-cropped-cropped-cropped-A41BE6CF-9863-416A-A467-C622DBDA2AA7_1_105_c-e1620654293962-2.jpeg","width":512,"height":512,"caption":"annette"},"logo":{"@id":"https:\/\/triyoga-erfurt.de\/wp-content\/uploads\/2021\/05\/cropped-cropped-cropped-cropped-A41BE6CF-9863-416A-A467-C622DBDA2AA7_1_105_c-e1620654293962-2.jpeg"},"sameAs":["http:\/\/triyoga-erfurt.de"]}]}},"_links":{"self":[{"href":"https:\/\/triyoga-erfurt.de\/index.php?rest_route=\/wp\/v2\/pages\/5","targetHints":{"allow":["GET"]}}],"collection":[{"href":"https:\/\/triyoga-erfurt.de\/index.php?rest_route=\/wp\/v2\/pages"}],"about":[{"href":"https:\/\/triyoga-erfurt.de\/index.php?rest_route=\/wp\/v2\/types\/page"}],"author":[{"embeddable":true,"href":"https:\/\/triyoga-erfurt.de\/index.php?rest_route=\/wp\/v2\/users\/1"}],"replies":[{"embeddable":true,"href":"https:\/\/triyoga-erfurt.de\/index.php?rest_route=%2Fwp%2Fv2%2Fcomments&post=5"}],"version-history":[{"count":14,"href":"https:\/\/triyoga-erfurt.de\/index.php?rest_route=\/wp\/v2\/pages\/5\/revisions"}],"predecessor-version":[{"id":2702,"href":"https:\/\/triyoga-erfurt.de\/index.php?rest_route=\/wp\/v2\/pages\/5\/revisions\/2702"}],"wp:attachment":[{"href":"https:\/\/triyoga-erfurt.de\/index.php?rest_route=%2Fwp%2Fv2%2Fmedia&parent=5"}],"curies":[{"name":"wp","href":"https:\/\/api.w.org\/{rel}","templated":true}]}}