{"id":355,"date":"2021-05-10T13:34:43","date_gmt":"2021-05-10T13:34:43","guid":{"rendered":"http:\/\/triyoga-erfurt.de\/?page_id=355"},"modified":"2026-04-19T15:39:30","modified_gmt":"2026-04-19T15:39:30","slug":"kontakt","status":"publish","type":"page","link":"https:\/\/triyoga-erfurt.de\/?page_id=355","title":{"rendered":"Kontakt"},"content":{"rendered":"\t\t<div data-elementor-type=\"wp-page\" data-elementor-id=\"355\" class=\"elementor elementor-355\">\n\t\t\t\t\t\t<section class=\"elementor-section elementor-top-section elementor-element elementor-element-7bda027 elementor-section-boxed elementor-section-height-default elementor-section-height-default\" data-id=\"7bda027\" data-element_type=\"section\" data-e-type=\"section\" data-settings=\"{&quot;background_background&quot;:&quot;classic&quot;}\">\n\t\t\t\t\t\t<div class=\"elementor-container elementor-column-gap-default\">\n\t\t\t\t\t<div class=\"elementor-column elementor-col-50 elementor-top-column elementor-element elementor-element-ac8cfb4 elementor-invisible\" data-id=\"ac8cfb4\" data-element_type=\"column\" data-e-type=\"column\" data-settings=\"{&quot;animation&quot;:&quot;fadeInLeft&quot;,&quot;background_background&quot;:&quot;classic&quot;}\">\n\t\t\t<div class=\"elementor-widget-wrap elementor-element-populated\">\n\t\t\t\t\t\t<div class=\"elementor-element elementor-element-c450c28 elementor-widget elementor-widget-text-editor\" data-id=\"c450c28\" data-element_type=\"widget\" data-e-type=\"widget\" data-widget_type=\"text-editor.default\">\n\t\t\t\t<div class=\"elementor-widget-container\">\n\t\t\t\t\t\t\t\t\t<p>Ich freue mich dich in meinem Center begr\u00fc\u00dfen zu d\u00fcrfen.<\/p>\t\t\t\t\t\t\t\t<\/div>\n\t\t\t\t<\/div>\n\t\t\t\t<div class=\"elementor-element elementor-element-10667e0 elementor-widget elementor-widget-heading\" data-id=\"10667e0\" data-element_type=\"widget\" data-e-type=\"widget\" data-settings=\"{&quot;_animation&quot;:&quot;none&quot;}\" data-widget_type=\"heading.default\">\n\t\t\t\t<div class=\"elementor-widget-container\">\n\t\t\t\t\t<h1 class=\"elementor-heading-title elementor-size-default\">TriYoga Center Erfurt<\/h1>\t\t\t\t<\/div>\n\t\t\t\t<\/div>\n\t\t\t\t<div class=\"elementor-element elementor-element-ed668b3 elementor-align-start elementor-icon-list--layout-traditional elementor-list-item-link-full_width elementor-widget elementor-widget-icon-list\" data-id=\"ed668b3\" data-element_type=\"widget\" data-e-type=\"widget\" data-settings=\"{&quot;_animation&quot;:&quot;none&quot;}\" data-widget_type=\"icon-list.default\">\n\t\t\t\t<div class=\"elementor-widget-container\">\n\t\t\t\t\t\t\t<ul class=\"elementor-icon-list-items\">\n\t\t\t\t\t\t\t<li class=\"elementor-icon-list-item\">\n\t\t\t\t\t\t\t\t\t\t\t<span class=\"elementor-icon-list-icon\">\n\t\t\t\t\t\t\t<i aria-hidden=\"true\" class=\"fas fa-home\"><\/i>\t\t\t\t\t\t<\/span>\n\t\t\t\t\t\t\t\t\t\t<span class=\"elementor-icon-list-text\">99084 Erfurt, Johannesstr. 146, Deutschland<\/span>\n\t\t\t\t\t\t\t\t\t<\/li>\n\t\t\t\t\t\t\t\t<li class=\"elementor-icon-list-item\">\n\t\t\t\t\t\t\t\t\t\t\t<span class=\"elementor-icon-list-icon\">\n\t\t\t\t\t\t\t<i aria-hidden=\"true\" class=\"fas fa-phone-square\"><\/i>\t\t\t\t\t\t<\/span>\n\t\t\t\t\t\t\t\t\t\t<span class=\"elementor-icon-list-text\"><a href=\"tel:+493616021525\">0049 (0)361 60 215 25<span style=\"font-family: Montserrat, sans-serif;font-size: 15px;letter-spacing: 2.4px\"><\/span><\/a><\/span>\n\t\t\t\t\t\t\t\t\t<\/li>\n\t\t\t\t\t\t\t\t<li class=\"elementor-icon-list-item\">\n\t\t\t\t\t\t\t\t\t\t\t<span class=\"elementor-icon-list-icon\">\n\t\t\t\t\t\t\t<i aria-hidden=\"true\" class=\"fas fa-fax\"><\/i>\t\t\t\t\t\t<\/span>\n\t\t\t\t\t\t\t\t\t\t<span class=\"elementor-icon-list-text\"><a href=\"tel:+4917640463290\">0049 (0)176 404 63 290<span style=\"font-family: Montserrat, sans-serif;font-size: 15px;letter-spacing: 2.4px\"><\/span><\/a><\/span>\n\t\t\t\t\t\t\t\t\t<\/li>\n\t\t\t\t\t\t\t\t<li class=\"elementor-icon-list-item\">\n\t\t\t\t\t\t\t\t\t\t\t<a href=\"mailto:annette.nandini@web.de\" target=\"_blank\">\n\n\t\t\t\t\t\t\t\t\t\t\t\t<span class=\"elementor-icon-list-icon\">\n\t\t\t\t\t\t\t<i aria-hidden=\"true\" class=\"fas fa-envelope\"><\/i>\t\t\t\t\t\t<\/span>\n\t\t\t\t\t\t\t\t\t\t<span class=\"elementor-icon-list-text\">e-mail schreiben<\/span>\n\t\t\t\t\t\t\t\t\t\t\t<\/a>\n\t\t\t\t\t\t\t\t\t<\/li>\n\t\t\t\t\t\t<\/ul>\n\t\t\t\t\t\t<\/div>\n\t\t\t\t<\/div>\n\t\t\t\t\t<\/div>\n\t\t<\/div>\n\t\t\t\t<div class=\"elementor-column elementor-col-50 elementor-top-column elementor-element elementor-element-62f101b elementor-invisible\" data-id=\"62f101b\" data-element_type=\"column\" data-e-type=\"column\" data-settings=\"{&quot;animation&quot;:&quot;fadeInRight&quot;}\">\n\t\t\t<div class=\"elementor-widget-wrap elementor-element-populated\">\n\t\t\t\t\t\t<div class=\"elementor-element elementor-element-9f9e372 elementor-widget elementor-widget-heading\" data-id=\"9f9e372\" data-element_type=\"widget\" data-e-type=\"widget\" data-settings=\"{&quot;_animation&quot;:&quot;none&quot;}\" data-widget_type=\"heading.default\">\n\t\t\t\t<div class=\"elementor-widget-container\">\n\t\t\t\t\t<h2 class=\"elementor-heading-title elementor-size-default\"><\/h2>\t\t\t\t<\/div>\n\t\t\t\t<\/div>\n\t\t\t\t<div class=\"elementor-element elementor-element-6311087 elementor-widget elementor-widget-google_maps\" data-id=\"6311087\" data-element_type=\"widget\" data-e-type=\"widget\" data-settings=\"{&quot;_animation&quot;:&quot;none&quot;}\" data-widget_type=\"google_maps.default\">\n\t\t\t\t<div class=\"elementor-widget-container\">\n\t\t\t\t\t\t\t<div class=\"elementor-custom-embed\">\n\t\t\t<iframe loading=\"lazy\"\n\t\t\t\t\tsrc=\"https:\/\/maps.google.com\/maps?q=TriYoga%20Center%20Erfurt%2C%20Johannesstr.%20146%2C%2099084%20Erfurt&#038;t=m&#038;z=10&#038;output=embed&#038;iwloc=near\"\n\t\t\t\t\ttitle=\"TriYoga Center Erfurt, Johannesstr. 146, 99084 Erfurt\"\n\t\t\t\t\taria-label=\"TriYoga Center Erfurt, Johannesstr. 146, 99084 Erfurt\"\n\t\t\t><\/iframe>\n\t\t<\/div>\n\t\t\t\t\t\t<\/div>\n\t\t\t\t<\/div>\n\t\t\t\t\t<\/div>\n\t\t<\/div>\n\t\t\t\t\t<\/div>\n\t\t<\/section>\n\t\t\t\t<section class=\"elementor-section elementor-top-section elementor-element elementor-element-a65d3a1 elementor-section-content-top elementor-section-boxed elementor-section-height-default elementor-section-height-default\" data-id=\"a65d3a1\" data-element_type=\"section\" data-e-type=\"section\" data-settings=\"{&quot;background_background&quot;:&quot;classic&quot;}\">\n\t\t\t\t\t\t\t<div class=\"elementor-background-overlay\"><\/div>\n\t\t\t\t\t\t\t<div class=\"elementor-container elementor-column-gap-default\">\n\t\t\t\t\t<div class=\"elementor-column elementor-col-100 elementor-top-column elementor-element elementor-element-741f2935\" data-id=\"741f2935\" data-element_type=\"column\" data-e-type=\"column\">\n\t\t\t<div class=\"elementor-widget-wrap elementor-element-populated\">\n\t\t\t\t\t\t<section class=\"elementor-section elementor-inner-section elementor-element elementor-element-40309993 elementor-section-content-top elementor-section-boxed elementor-section-height-default elementor-section-height-default\" data-id=\"40309993\" data-element_type=\"section\" data-e-type=\"section\">\n\t\t\t\t\t\t<div class=\"elementor-container elementor-column-gap-default\">\n\t\t\t\t\t<div class=\"elementor-column elementor-col-33 elementor-inner-column elementor-element elementor-element-162e33c0\" data-id=\"162e33c0\" data-element_type=\"column\" data-e-type=\"column\">\n\t\t\t<div class=\"elementor-widget-wrap elementor-element-populated\">\n\t\t\t\t\t\t<div class=\"elementor-element elementor-element-3cbe8b6f animated-slow elementor-widget elementor-widget-heading\" data-id=\"3cbe8b6f\" data-element_type=\"widget\" data-e-type=\"widget\" data-settings=\"{&quot;_animation&quot;:&quot;none&quot;,&quot;_animation_delay&quot;:600}\" data-widget_type=\"heading.default\">\n\t\t\t\t<div class=\"elementor-widget-container\">\n\t\t\t\t\t<h2 class=\"elementor-heading-title elementor-size-default\">TriYoga Center Erfurt<\/h2>\t\t\t\t<\/div>\n\t\t\t\t<\/div>\n\t\t\t\t<div class=\"elementor-element elementor-element-83fe8d1 elementor-align-start elementor-icon-list--layout-traditional elementor-list-item-link-full_width elementor-widget elementor-widget-icon-list\" data-id=\"83fe8d1\" data-element_type=\"widget\" data-e-type=\"widget\" data-widget_type=\"icon-list.default\">\n\t\t\t\t<div class=\"elementor-widget-container\">\n\t\t\t\t\t\t\t<ul class=\"elementor-icon-list-items\">\n\t\t\t\t\t\t\t<li class=\"elementor-icon-list-item\">\n\t\t\t\t\t\t\t\t\t\t\t<span class=\"elementor-icon-list-icon\">\n\t\t\t\t\t\t\t<i aria-hidden=\"true\" class=\"fas fa-home\"><\/i>\t\t\t\t\t\t<\/span>\n\t\t\t\t\t\t\t\t\t\t<span class=\"elementor-icon-list-text\">99084 Erfurt, Johannesstr. 146, Deutschland<\/span>\n\t\t\t\t\t\t\t\t\t<\/li>\n\t\t\t\t\t\t\t\t<li class=\"elementor-icon-list-item\">\n\t\t\t\t\t\t\t\t\t\t\t<span class=\"elementor-icon-list-icon\">\n\t\t\t\t\t\t\t<i aria-hidden=\"true\" class=\"fas fa-phone-square\"><\/i>\t\t\t\t\t\t<\/span>\n\t\t\t\t\t\t\t\t\t\t<span class=\"elementor-icon-list-text\"><a href=\"tel:+493616021525\">0049 (0)361 60 215 25<span style=\"font-family: Montserrat, sans-serif;font-size: 15px;letter-spacing: 2.4px\"><\/span><\/a><\/span>\n\t\t\t\t\t\t\t\t\t<\/li>\n\t\t\t\t\t\t\t\t<li class=\"elementor-icon-list-item\">\n\t\t\t\t\t\t\t\t\t\t\t<span class=\"elementor-icon-list-icon\">\n\t\t\t\t\t\t\t<i aria-hidden=\"true\" class=\"fas fa-fax\"><\/i>\t\t\t\t\t\t<\/span>\n\t\t\t\t\t\t\t\t\t\t<span class=\"elementor-icon-list-text\"><a href=\"tel:+4917640463290\">0049 (0)17404 63 290<a href=\"tel:+4917640463290\" style=\"font-family: Montserrat, sans-serif;font-size: 15px;letter-spacing: 2.4px\"><span style=\"font-family: Montserrat, sans-serif;font-size: 15px;letter-spacing: 2.4px\"><\/span><\/a><\/a><\/span>\n\t\t\t\t\t\t\t\t\t<\/li>\n\t\t\t\t\t\t\t\t<li class=\"elementor-icon-list-item\">\n\t\t\t\t\t\t\t\t\t\t\t<a href=\"mailto:annette.nandini@web.de\" target=\"_blank\">\n\n\t\t\t\t\t\t\t\t\t\t\t\t<span class=\"elementor-icon-list-icon\">\n\t\t\t\t\t\t\t<i aria-hidden=\"true\" class=\"fas fa-envelope\"><\/i>\t\t\t\t\t\t<\/span>\n\t\t\t\t\t\t\t\t\t\t<span class=\"elementor-icon-list-text\">e-mail schreiben<\/span>\n\t\t\t\t\t\t\t\t\t\t\t<\/a>\n\t\t\t\t\t\t\t\t\t<\/li>\n\t\t\t\t\t\t<\/ul>\n\t\t\t\t\t\t<\/div>\n\t\t\t\t<\/div>\n\t\t\t\t\t<\/div>\n\t\t<\/div>\n\t\t\t\t<div class=\"elementor-column elementor-col-33 elementor-inner-column elementor-element elementor-element-73da8fc3\" data-id=\"73da8fc3\" data-element_type=\"column\" data-e-type=\"column\">\n\t\t\t<div class=\"elementor-widget-wrap elementor-element-populated\">\n\t\t\t\t\t\t<div class=\"elementor-element elementor-element-50423c6 elementor-icon-list--layout-traditional elementor-list-item-link-full_width elementor-widget elementor-widget-icon-list\" data-id=\"50423c6\" data-element_type=\"widget\" data-e-type=\"widget\" data-widget_type=\"icon-list.default\">\n\t\t\t\t<div class=\"elementor-widget-container\">\n\t\t\t\t\t\t\t<ul class=\"elementor-icon-list-items\">\n\t\t\t\t\t\t\t<li class=\"elementor-icon-list-item\">\n\t\t\t\t\t\t\t\t\t\t\t<a href=\"https:\/\/triyoga-erfurt.de\/impressum\/\">\n\n\t\t\t\t\t\t\t\t\t\t\t<span class=\"elementor-icon-list-text\">Impressum<\/span>\n\t\t\t\t\t\t\t\t\t\t\t<\/a>\n\t\t\t\t\t\t\t\t\t<\/li>\n\t\t\t\t\t\t\t\t<li class=\"elementor-icon-list-item\">\n\t\t\t\t\t\t\t\t\t\t\t<a href=\"https:\/\/triyoga-erfurt.de\/agbs\/\">\n\n\t\t\t\t\t\t\t\t\t\t\t<span class=\"elementor-icon-list-text\">AGB`s<\/span>\n\t\t\t\t\t\t\t\t\t\t\t<\/a>\n\t\t\t\t\t\t\t\t\t<\/li>\n\t\t\t\t\t\t\t\t<li class=\"elementor-icon-list-item\">\n\t\t\t\t\t\t\t\t\t\t\t<a href=\"https:\/\/triyoga-erfurt.de\/haftungshinweise\/\">\n\n\t\t\t\t\t\t\t\t\t\t\t<span class=\"elementor-icon-list-text\">Haftungshinweise<\/span>\n\t\t\t\t\t\t\t\t\t\t\t<\/a>\n\t\t\t\t\t\t\t\t\t<\/li>\n\t\t\t\t\t\t\t\t<li class=\"elementor-icon-list-item\">\n\t\t\t\t\t\t\t\t\t\t\t<a href=\"https:\/\/triyoga-erfurt.de\/datenschutzerklaerung\/\">\n\n\t\t\t\t\t\t\t\t\t\t\t<span class=\"elementor-icon-list-text\">Datenschutz<\/span>\n\t\t\t\t\t\t\t\t\t\t\t<\/a>\n\t\t\t\t\t\t\t\t\t<\/li>\n\t\t\t\t\t\t<\/ul>\n\t\t\t\t\t\t<\/div>\n\t\t\t\t<\/div>\n\t\t\t\t\t<\/div>\n\t\t<\/div>\n\t\t\t\t<div class=\"elementor-column elementor-col-33 elementor-inner-column elementor-element elementor-element-4ade838d\" data-id=\"4ade838d\" data-element_type=\"column\" data-e-type=\"column\">\n\t\t\t<div class=\"elementor-widget-wrap elementor-element-populated\">\n\t\t\t\t\t\t<div class=\"elementor-element elementor-element-2eeb0c07 elementor-view-default elementor-widget elementor-widget-icon\" data-id=\"2eeb0c07\" data-element_type=\"widget\" data-e-type=\"widget\" data-widget_type=\"icon.default\">\n\t\t\t\t<div class=\"elementor-widget-container\">\n\t\t\t\t\t\t\t<div class=\"elementor-icon-wrapper\">\n\t\t\t<a class=\"elementor-icon\" href=\"https:\/\/www.facebook.com\/profile.php?id=100009362423070&#038;locale=de_DE\">\n\t\t\t<i aria-hidden=\"true\" class=\"fab fa-facebook-f\"><\/i>\t\t\t<\/a>\n\t\t<\/div>\n\t\t\t\t\t\t<\/div>\n\t\t\t\t<\/div>\n\t\t\t\t<div class=\"elementor-element elementor-element-175d9d40 elementor-icon-list--layout-traditional elementor-list-item-link-full_width elementor-widget elementor-widget-icon-list\" data-id=\"175d9d40\" data-element_type=\"widget\" data-e-type=\"widget\" data-widget_type=\"icon-list.default\">\n\t\t\t\t<div class=\"elementor-widget-container\">\n\t\t\t\t\t\t\t<ul class=\"elementor-icon-list-items\">\n\t\t\t\t\t\t\t<li class=\"elementor-icon-list-item\">\n\t\t\t\t\t\t\t\t\t\t\t<span class=\"elementor-icon-list-icon\">\n\t\t\t\t\t\t\t<i aria-hidden=\"true\" class=\"far fa-copyright\"><\/i>\t\t\t\t\t\t<\/span>\n\t\t\t\t\t\t\t\t\t\t<span class=\"elementor-icon-list-text\">2026 TriYoga Center Erfurt<\/span>\n\t\t\t\t\t\t\t\t\t<\/li>\n\t\t\t\t\t\t<\/ul>\n\t\t\t\t\t\t<\/div>\n\t\t\t\t<\/div>\n\t\t\t\t\t<\/div>\n\t\t<\/div>\n\t\t\t\t\t<\/div>\n\t\t<\/section>\n\t\t\t\t\t<\/div>\n\t\t<\/div>\n\t\t\t\t\t<\/div>\n\t\t<\/section>\n\t\t\t\t<\/div>\n\t\t","protected":false},"excerpt":{"rendered":"<p>Ich freue mich dich in meinem Center begr\u00fc\u00dfen zu d\u00fcrfen. TriYoga Center Erfurt 99084 Erfurt, Johannesstr. 146, Deutschland 0049 (0)361 60 215 25 0049 (0)176 404 63 290 e-mail schreiben TriYoga Center Erfurt 99084 Erfurt, Johannesstr. 146, Deutschland 0049 (0)361 60 215 25 0049 (0)17404 63 290 e-mail schreiben Impressum AGB`s Haftungshinweise Datenschutz 2026 TriYoga [&hellip;]<\/p>\n","protected":false},"author":1,"featured_media":0,"parent":0,"menu_order":0,"comment_status":"closed","ping_status":"closed","template":"","meta":{"ocean_post_layout":"full-screen","ocean_both_sidebars_style":"","ocean_both_sidebars_content_width":0,"ocean_both_sidebars_sidebars_width":0,"ocean_sidebar":"0","ocean_second_sidebar":"0","ocean_disable_margins":"enable","ocean_add_body_class":"","ocean_shortcode_before_top_bar":"","ocean_shortcode_after_top_bar":"","ocean_shortcode_before_header":"","ocean_shortcode_after_header":"","ocean_has_shortcode":"","ocean_shortcode_after_title":"","ocean_shortcode_before_footer_widgets":"","ocean_shortcode_after_footer_widgets":"","ocean_shortcode_before_footer_bottom":"","ocean_shortcode_after_footer_bottom":"","ocean_display_top_bar":"default","ocean_display_header":"default","ocean_header_style":"","ocean_center_header_left_menu":"0","ocean_custom_header_template":"0","ocean_custom_logo":0,"ocean_custom_retina_logo":0,"ocean_custom_logo_max_width":0,"ocean_custom_logo_tablet_max_width":0,"ocean_custom_logo_mobile_max_width":0,"ocean_custom_logo_max_height":0,"ocean_custom_logo_tablet_max_height":0,"ocean_custom_logo_mobile_max_height":0,"ocean_header_custom_menu":"0","ocean_menu_typo_font_family":"0","ocean_menu_typo_font_subset":"","ocean_menu_typo_font_size":0,"ocean_menu_typo_font_size_tablet":0,"ocean_menu_typo_font_size_mobile":0,"ocean_menu_typo_font_size_unit":"px","ocean_menu_typo_font_weight":"","ocean_menu_typo_font_weight_tablet":"","ocean_menu_typo_font_weight_mobile":"","ocean_menu_typo_transform":"","ocean_menu_typo_transform_tablet":"","ocean_menu_typo_transform_mobile":"","ocean_menu_typo_line_height":0,"ocean_menu_typo_line_height_tablet":0,"ocean_menu_typo_line_height_mobile":0,"ocean_menu_typo_line_height_unit":"","ocean_menu_typo_spacing":0,"ocean_menu_typo_spacing_tablet":0,"ocean_menu_typo_spacing_mobile":0,"ocean_menu_typo_spacing_unit":"","ocean_menu_link_color":"","ocean_menu_link_color_hover":"","ocean_menu_link_color_active":"","ocean_menu_link_background":"","ocean_menu_link_hover_background":"","ocean_menu_link_active_background":"","ocean_menu_social_links_bg":"","ocean_menu_social_hover_links_bg":"","ocean_menu_social_links_color":"","ocean_menu_social_hover_links_color":"","ocean_disable_title":"on","ocean_disable_heading":"default","ocean_post_title":"","ocean_post_subheading":"","ocean_post_title_style":"","ocean_post_title_background_color":"","ocean_post_title_background":0,"ocean_post_title_bg_image_position":"","ocean_post_title_bg_image_attachment":"","ocean_post_title_bg_image_repeat":"","ocean_post_title_bg_image_size":"","ocean_post_title_height":0,"ocean_post_title_bg_overlay":0.5,"ocean_post_title_bg_overlay_color":"","ocean_disable_breadcrumbs":"default","ocean_breadcrumbs_color":"","ocean_breadcrumbs_separator_color":"","ocean_breadcrumbs_links_color":"","ocean_breadcrumbs_links_hover_color":"","ocean_display_footer_widgets":"off","ocean_display_footer_bottom":"off","ocean_custom_footer_template":"0","footnotes":""},"class_list":["post-355","page","type-page","status-publish","hentry","entry"],"yoast_head":"<!-- This site is optimized with the Yoast SEO plugin v27.4 - https:\/\/yoast.com\/product\/yoast-seo-wordpress\/ -->\n<title>Kontakt - TriYoga Erfurt<\/title>\n<meta name=\"robots\" content=\"index, follow, max-snippet:-1, max-image-preview:large, max-video-preview:-1\" \/>\n<link rel=\"canonical\" href=\"https:\/\/triyoga-erfurt.de\/?page_id=355\" \/>\n<meta property=\"og:locale\" content=\"de_DE\" \/>\n<meta property=\"og:type\" content=\"article\" \/>\n<meta property=\"og:title\" content=\"Kontakt - TriYoga Erfurt\" \/>\n<meta property=\"og:description\" content=\"Ich freue mich dich in meinem Center begr\u00fc\u00dfen zu d\u00fcrfen. TriYoga Center Erfurt 99084 Erfurt, Johannesstr. 146, Deutschland 0049 (0)361 60 215 25 0049 (0)176 404 63 290 e-mail schreiben TriYoga Center Erfurt 99084 Erfurt, Johannesstr. 146, Deutschland 0049 (0)361 60 215 25 0049 (0)17404 63 290 e-mail schreiben Impressum AGB`s Haftungshinweise Datenschutz 2026 TriYoga [&hellip;]\" \/>\n<meta property=\"og:url\" content=\"https:\/\/triyoga-erfurt.de\/?page_id=355\" \/>\n<meta property=\"og:site_name\" content=\"TriYoga Erfurt\" \/>\n<meta property=\"article:modified_time\" content=\"2026-04-19T15:39:30+00:00\" \/>\n<meta name=\"twitter:card\" content=\"summary_large_image\" \/>\n<meta name=\"twitter:label1\" content=\"Gesch\u00e4tzte Lesezeit\" \/>\n\t<meta name=\"twitter:data1\" content=\"1\u00a0Minute\" \/>\n<script type=\"application\/ld+json\" class=\"yoast-schema-graph\">{\"@context\":\"https:\\\/\\\/schema.org\",\"@graph\":[{\"@type\":\"WebPage\",\"@id\":\"https:\\\/\\\/triyoga-erfurt.de\\\/?page_id=355\",\"url\":\"https:\\\/\\\/triyoga-erfurt.de\\\/?page_id=355\",\"name\":\"Kontakt - TriYoga Erfurt\",\"isPartOf\":{\"@id\":\"https:\\\/\\\/triyoga-erfurt.de\\\/#website\"},\"datePublished\":\"2021-05-10T13:34:43+00:00\",\"dateModified\":\"2026-04-19T15:39:30+00:00\",\"breadcrumb\":{\"@id\":\"https:\\\/\\\/triyoga-erfurt.de\\\/?page_id=355#breadcrumb\"},\"inLanguage\":\"de\",\"potentialAction\":[{\"@type\":\"ReadAction\",\"target\":[\"https:\\\/\\\/triyoga-erfurt.de\\\/?page_id=355\"]}]},{\"@type\":\"BreadcrumbList\",\"@id\":\"https:\\\/\\\/triyoga-erfurt.de\\\/?page_id=355#breadcrumb\",\"itemListElement\":[{\"@type\":\"ListItem\",\"position\":1,\"name\":\"Startseite\",\"item\":\"https:\\\/\\\/triyoga-erfurt.de\\\/\"},{\"@type\":\"ListItem\",\"position\":2,\"name\":\"Kontakt\"}]},{\"@type\":\"WebSite\",\"@id\":\"https:\\\/\\\/triyoga-erfurt.de\\\/#website\",\"url\":\"https:\\\/\\\/triyoga-erfurt.de\\\/\",\"name\":\"TriYoga Erfurt\",\"description\":\"Yoga in Erfurt in kleinen Gruppen f\u00fcr Anf\u00e4nger und Fortgeschrittene\",\"publisher\":{\"@id\":\"https:\\\/\\\/triyoga-erfurt.de\\\/#\\\/schema\\\/person\\\/361154fa09d358a413323e0d6eed7982\"},\"potentialAction\":[{\"@type\":\"SearchAction\",\"target\":{\"@type\":\"EntryPoint\",\"urlTemplate\":\"https:\\\/\\\/triyoga-erfurt.de\\\/?s={search_term_string}\"},\"query-input\":{\"@type\":\"PropertyValueSpecification\",\"valueRequired\":true,\"valueName\":\"search_term_string\"}}],\"inLanguage\":\"de\"},{\"@type\":[\"Person\",\"Organization\"],\"@id\":\"https:\\\/\\\/triyoga-erfurt.de\\\/#\\\/schema\\\/person\\\/361154fa09d358a413323e0d6eed7982\",\"name\":\"annette\",\"image\":{\"@type\":\"ImageObject\",\"inLanguage\":\"de\",\"@id\":\"https:\\\/\\\/triyoga-erfurt.de\\\/wp-content\\\/uploads\\\/2021\\\/05\\\/cropped-cropped-cropped-cropped-A41BE6CF-9863-416A-A467-C622DBDA2AA7_1_105_c-e1620654293962-2.jpeg\",\"url\":\"https:\\\/\\\/triyoga-erfurt.de\\\/wp-content\\\/uploads\\\/2021\\\/05\\\/cropped-cropped-cropped-cropped-A41BE6CF-9863-416A-A467-C622DBDA2AA7_1_105_c-e1620654293962-2.jpeg\",\"contentUrl\":\"https:\\\/\\\/triyoga-erfurt.de\\\/wp-content\\\/uploads\\\/2021\\\/05\\\/cropped-cropped-cropped-cropped-A41BE6CF-9863-416A-A467-C622DBDA2AA7_1_105_c-e1620654293962-2.jpeg\",\"width\":512,\"height\":512,\"caption\":\"annette\"},\"logo\":{\"@id\":\"https:\\\/\\\/triyoga-erfurt.de\\\/wp-content\\\/uploads\\\/2021\\\/05\\\/cropped-cropped-cropped-cropped-A41BE6CF-9863-416A-A467-C622DBDA2AA7_1_105_c-e1620654293962-2.jpeg\"},\"sameAs\":[\"http:\\\/\\\/triyoga-erfurt.de\"]}]}<\/script>\n<!-- \/ Yoast SEO plugin. -->","yoast_head_json":{"title":"Kontakt - TriYoga Erfurt","robots":{"index":"index","follow":"follow","max-snippet":"max-snippet:-1","max-image-preview":"max-image-preview:large","max-video-preview":"max-video-preview:-1"},"canonical":"https:\/\/triyoga-erfurt.de\/?page_id=355","og_locale":"de_DE","og_type":"article","og_title":"Kontakt - TriYoga Erfurt","og_description":"Ich freue mich dich in meinem Center begr\u00fc\u00dfen zu d\u00fcrfen. TriYoga Center Erfurt 99084 Erfurt, Johannesstr. 146, Deutschland 0049 (0)361 60 215 25 0049 (0)176 404 63 290 e-mail schreiben TriYoga Center Erfurt 99084 Erfurt, Johannesstr. 146, Deutschland 0049 (0)361 60 215 25 0049 (0)17404 63 290 e-mail schreiben Impressum AGB`s Haftungshinweise Datenschutz 2026 TriYoga [&hellip;]","og_url":"https:\/\/triyoga-erfurt.de\/?page_id=355","og_site_name":"TriYoga Erfurt","article_modified_time":"2026-04-19T15:39:30+00:00","twitter_card":"summary_large_image","twitter_misc":{"Gesch\u00e4tzte Lesezeit":"1\u00a0Minute"},"schema":{"@context":"https:\/\/schema.org","@graph":[{"@type":"WebPage","@id":"https:\/\/triyoga-erfurt.de\/?page_id=355","url":"https:\/\/triyoga-erfurt.de\/?page_id=355","name":"Kontakt - TriYoga Erfurt","isPartOf":{"@id":"https:\/\/triyoga-erfurt.de\/#website"},"datePublished":"2021-05-10T13:34:43+00:00","dateModified":"2026-04-19T15:39:30+00:00","breadcrumb":{"@id":"https:\/\/triyoga-erfurt.de\/?page_id=355#breadcrumb"},"inLanguage":"de","potentialAction":[{"@type":"ReadAction","target":["https:\/\/triyoga-erfurt.de\/?page_id=355"]}]},{"@type":"BreadcrumbList","@id":"https:\/\/triyoga-erfurt.de\/?page_id=355#breadcrumb","itemListElement":[{"@type":"ListItem","position":1,"name":"Startseite","item":"https:\/\/triyoga-erfurt.de\/"},{"@type":"ListItem","position":2,"name":"Kontakt"}]},{"@type":"WebSite","@id":"https:\/\/triyoga-erfurt.de\/#website","url":"https:\/\/triyoga-erfurt.de\/","name":"TriYoga Erfurt","description":"Yoga in Erfurt in kleinen Gruppen f\u00fcr Anf\u00e4nger und Fortgeschrittene","publisher":{"@id":"https:\/\/triyoga-erfurt.de\/#\/schema\/person\/361154fa09d358a413323e0d6eed7982"},"potentialAction":[{"@type":"SearchAction","target":{"@type":"EntryPoint","urlTemplate":"https:\/\/triyoga-erfurt.de\/?s={search_term_string}"},"query-input":{"@type":"PropertyValueSpecification","valueRequired":true,"valueName":"search_term_string"}}],"inLanguage":"de"},{"@type":["Person","Organization"],"@id":"https:\/\/triyoga-erfurt.de\/#\/schema\/person\/361154fa09d358a413323e0d6eed7982","name":"annette","image":{"@type":"ImageObject","inLanguage":"de","@id":"https:\/\/triyoga-erfurt.de\/wp-content\/uploads\/2021\/05\/cropped-cropped-cropped-cropped-A41BE6CF-9863-416A-A467-C622DBDA2AA7_1_105_c-e1620654293962-2.jpeg","url":"https:\/\/triyoga-erfurt.de\/wp-content\/uploads\/2021\/05\/cropped-cropped-cropped-cropped-A41BE6CF-9863-416A-A467-C622DBDA2AA7_1_105_c-e1620654293962-2.jpeg","contentUrl":"https:\/\/triyoga-erfurt.de\/wp-content\/uploads\/2021\/05\/cropped-cropped-cropped-cropped-A41BE6CF-9863-416A-A467-C622DBDA2AA7_1_105_c-e1620654293962-2.jpeg","width":512,"height":512,"caption":"annette"},"logo":{"@id":"https:\/\/triyoga-erfurt.de\/wp-content\/uploads\/2021\/05\/cropped-cropped-cropped-cropped-A41BE6CF-9863-416A-A467-C622DBDA2AA7_1_105_c-e1620654293962-2.jpeg"},"sameAs":["http:\/\/triyoga-erfurt.de"]}]}},"_links":{"self":[{"href":"https:\/\/triyoga-erfurt.de\/index.php?rest_route=\/wp\/v2\/pages\/355","targetHints":{"allow":["GET"]}}],"collection":[{"href":"https:\/\/triyoga-erfurt.de\/index.php?rest_route=\/wp\/v2\/pages"}],"about":[{"href":"https:\/\/triyoga-erfurt.de\/index.php?rest_route=\/wp\/v2\/types\/page"}],"author":[{"embeddable":true,"href":"https:\/\/triyoga-erfurt.de\/index.php?rest_route=\/wp\/v2\/users\/1"}],"replies":[{"embeddable":true,"href":"https:\/\/triyoga-erfurt.de\/index.php?rest_route=%2Fwp%2Fv2%2Fcomments&post=355"}],"version-history":[{"count":229,"href":"https:\/\/triyoga-erfurt.de\/index.php?rest_route=\/wp\/v2\/pages\/355\/revisions"}],"predecessor-version":[{"id":4304,"href":"https:\/\/triyoga-erfurt.de\/index.php?rest_route=\/wp\/v2\/pages\/355\/revisions\/4304"}],"wp:attachment":[{"href":"https:\/\/triyoga-erfurt.de\/index.php?rest_route=%2Fwp%2Fv2%2Fmedia&parent=355"}],"curies":[{"name":"wp","href":"https:\/\/api.w.org\/{rel}","templated":true}]}}